{"id":363,"date":"2023-09-25T00:38:42","date_gmt":"2023-09-25T00:38:42","guid":{"rendered":"https:\/\/luanacu.com\/temoignages\/"},"modified":"2023-10-12T23:44:27","modified_gmt":"2023-10-12T23:44:27","slug":"temoignages","status":"publish","type":"page","link":"https:\/\/luanacu.com\/fr\/temoignages\/","title":{"rendered":"T\u00e9moignages"},"content":{"rendered":"<p>[et_pb_section fb_built=\u00a0\u00bb1&Prime; admin_label=\u00a0\u00bbTestimonials\u00a0\u00bb _builder_version=\u00a0\u00bb4.16&Prime; background_color=\u00a0\u00bb#f2f6fc\u00a0\u00bb global_colors_info=\u00a0\u00bb{}\u00a0\u00bb][et_pb_row _builder_version=\u00a0\u00bb4.16&Prime; global_colors_info=\u00a0\u00bb{}\u00a0\u00bb][et_pb_column type=\u00a0\u00bb4_4&Prime; _builder_version=\u00a0\u00bb4.16&Prime; custom_padding=\u00a0\u00bb|||\u00a0\u00bb global_colors_info=\u00a0\u00bb{}\u00a0\u00bb custom_padding__hover=\u00a0\u00bb|||\u00a0\u00bb][et_pb_slider _builder_version=\u00a0\u00bb4.22.2&Prime; header_font=\u00a0\u00bbMontserrat||||||||\u00a0\u00bb header_text_color=\u00a0\u00bb#616ce1&Prime; header_font_size=\u00a0\u00bb32px\u00a0\u00bb header_line_height=\u00a0\u00bb1.6em\u00a0\u00bb body_font=\u00a0\u00bb||||||||\u00a0\u00bb body_text_color=\u00a0\u00bbrgba(0,0,0,0.37)\u00a0\u00bb body_line_height=\u00a0\u00bb2em\u00a0\u00bb background_color=\u00a0\u00bb#ffffff\u00a0\u00bb use_background_color_gradient=\u00a0\u00bbon\u00a0\u00bb background_color_gradient_stops=\u00a0\u00bbrgba(255,255,255,0) 0%|#ffffff 100%\u00a0\u00bb background_color_gradient_overlays_image=\u00a0\u00bbon\u00a0\u00bb background_color_gradient_start=\u00a0\u00bbrgba(255,255,255,0)\u00a0\u00bb background_color_gradient_end=\u00a0\u00bb#ffffff\u00a0\u00bb background_image=\u00a0\u00bbhttps:\/\/luanacu.com\/wp-content\/uploads\/2023\/09\/therapist-13.jpg\u00a0\u00bb custom_padding=\u00a0\u00bb24px||26px|||\u00a0\u00bb animation_style=\u00a0\u00bbfade\u00a0\u00bb auto=\u00a0\u00bbon\u00a0\u00bb auto_speed=\u00a0\u00bb10000&Prime; hover_enabled=\u00a0\u00bb0&Prime; header_font_size_tablet=\u00a0\u00bb\u00a0\u00bb header_font_size_phone=\u00a0\u00bb16px\u00a0\u00bb header_font_size_last_edited=\u00a0\u00bbon|phone\u00a0\u00bb header_text_shadow_style=\u00a0\u00bbpreset1&Prime; header_text_shadow_color=\u00a0\u00bbrgba(0,0,0,0)\u00a0\u00bb body_text_shadow_style=\u00a0\u00bbpreset1&Prime; body_text_shadow_color=\u00a0\u00bbrgba(0,0,0,0)\u00a0\u00bb border_radii=\u00a0\u00bbon|10px|10px|10px|10px\u00a0\u00bb box_shadow_style=\u00a0\u00bbpreset1&Prime; box_shadow_blur=\u00a0\u00bb30px\u00a0\u00bb box_shadow_color=\u00a0\u00bbrgba(0,0,0,0.06)\u00a0\u00bb global_colors_info=\u00a0\u00bb{}\u00a0\u00bb button_text_size__hover_enabled=\u00a0\u00bboff\u00a0\u00bb button_one_text_size__hover_enabled=\u00a0\u00bboff\u00a0\u00bb button_two_text_size__hover_enabled=\u00a0\u00bboff\u00a0\u00bb button_text_color__hover_enabled=\u00a0\u00bboff\u00a0\u00bb button_one_text_color__hover_enabled=\u00a0\u00bboff\u00a0\u00bb button_two_text_color__hover_enabled=\u00a0\u00bboff\u00a0\u00bb button_border_width__hover_enabled=\u00a0\u00bboff\u00a0\u00bb button_one_border_width__hover_enabled=\u00a0\u00bboff\u00a0\u00bb button_two_border_width__hover_enabled=\u00a0\u00bboff\u00a0\u00bb button_border_color__hover_enabled=\u00a0\u00bboff\u00a0\u00bb button_one_border_color__hover_enabled=\u00a0\u00bboff\u00a0\u00bb button_two_border_color__hover_enabled=\u00a0\u00bboff\u00a0\u00bb button_border_radius__hover_enabled=\u00a0\u00bboff\u00a0\u00bb button_one_border_radius__hover_enabled=\u00a0\u00bboff\u00a0\u00bb button_two_border_radius__hover_enabled=\u00a0\u00bboff\u00a0\u00bb button_letter_spacing__hover_enabled=\u00a0\u00bboff\u00a0\u00bb button_one_letter_spacing__hover_enabled=\u00a0\u00bboff\u00a0\u00bb button_two_letter_spacing__hover_enabled=\u00a0\u00bboff\u00a0\u00bb button_bg_color__hover_enabled=\u00a0\u00bboff\u00a0\u00bb button_one_bg_color__hover_enabled=\u00a0\u00bboff\u00a0\u00bb button_two_bg_color__hover_enabled=\u00a0\u00bboff\u00a0\u00bb sticky_enabled=\u00a0\u00bb0&Prime;][et_pb_slide heading=\u00a0\u00bb&quot;Lijun est INCROYABLE. Elle est sp\u00e9cialiste en acupuncture pour l&apos;arr\u00eat du tabac. J&apos;ai essay\u00e9 la nicolette et le patch, aucun des deux n&apos;a fonctionn\u00e9 du tout. J&apos;\u00e9tais tr\u00e8s sceptique quant au fait que Lijun puisse m&apos;aider \u00e0 arr\u00eater apr\u00e8s 20 ans de tabagisme. Je ne croyais vraiment pas que \u00e7a marcherait. Mais elle l&apos;a fait ! Je ne fume plus depuis presque un an, enti\u00e8rement gr\u00e2ce \u00e0 elle. Un conseil : si vous \u00eates tr\u00e8s d\u00e9pendant, assurez-vous de retourner la voir pour des visites suppl\u00e9mentaires tous les quelques jours apr\u00e8s la premi\u00e8re visite, m\u00eame si vous pensez que vous n&apos;en avez pas besoin. \u00c9vitez \u00e9galement de boire du caf\u00e9 ou de l&apos;alcool pendant 2 semaines apr\u00e8s l&apos;arr\u00eat. Cela augmentera vos chances de r\u00e9ussite. Un jour, je suis all\u00e9 voir Lijun en fumant un paquet et demi par jour&#8230; et je suis reparti apr\u00e8s une s\u00e9ance sans jamais retoucher \u00e0 une cigarette. Bonne chance !&quot; &quot;Exp\u00e9rience fantastique. Avais des douleurs et probl\u00e8mes. Avec quelques aiguilles, tout s&apos;est r\u00e9solu. Charmante, d\u00e9licieuse, comp\u00e9tente. Hautement recommand\u00e9e.&quot;\u00a0\u00bb arrows_custom_color=\u00a0\u00bb#616ce1&Prime; dot_nav_custom_color=\u00a0\u00bb#7f8dff\u00a0\u00bb _builder_version=\u00a0\u00bb4.22.2&Prime; header_font_size=\u00a0\u00bb20px\u00a0\u00bb global_colors_info=\u00a0\u00bb{}\u00a0\u00bb button_text_size__hover_enabled=\u00a0\u00bboff\u00a0\u00bb button_one_text_size__hover_enabled=\u00a0\u00bboff\u00a0\u00bb button_two_text_size__hover_enabled=\u00a0\u00bboff\u00a0\u00bb button_text_color__hover_enabled=\u00a0\u00bboff\u00a0\u00bb button_one_text_color__hover_enabled=\u00a0\u00bboff\u00a0\u00bb button_two_text_color__hover_enabled=\u00a0\u00bboff\u00a0\u00bb button_border_width__hover_enabled=\u00a0\u00bboff\u00a0\u00bb button_one_border_width__hover_enabled=\u00a0\u00bboff\u00a0\u00bb button_two_border_width__hover_enabled=\u00a0\u00bboff\u00a0\u00bb button_border_color__hover_enabled=\u00a0\u00bboff\u00a0\u00bb button_one_border_color__hover_enabled=\u00a0\u00bboff\u00a0\u00bb button_two_border_color__hover_enabled=\u00a0\u00bboff\u00a0\u00bb button_border_radius__hover_enabled=\u00a0\u00bboff\u00a0\u00bb button_one_border_radius__hover_enabled=\u00a0\u00bboff\u00a0\u00bb button_two_border_radius__hover_enabled=\u00a0\u00bboff\u00a0\u00bb button_letter_spacing__hover_enabled=\u00a0\u00bboff\u00a0\u00bb button_one_letter_spacing__hover_enabled=\u00a0\u00bboff\u00a0\u00bb button_two_letter_spacing__hover_enabled=\u00a0\u00bboff\u00a0\u00bb button_bg_color__hover_enabled=\u00a0\u00bboff\u00a0\u00bb button_one_bg_color__hover_enabled=\u00a0\u00bboff\u00a0\u00bb button_two_bg_color__hover_enabled=\u00a0\u00bboff\u00a0\u00bb sticky_transition=\u00a0\u00bbon\u00a0\u00bb]<\/p>\n<p class=\"p1\">ratemds.com<\/p>\n<p>[\/et_pb_slide][et_pb_slide heading=\u00a0\u00bb&quot;Lijun est une femme vraiment gentille et d\u00e9vou\u00e9e, et je lui suis vraiment reconnaissante pour son traitement et ce qu&apos;elle a fait pour que je puisse r\u00e9cup\u00e9rer. Elle a utilis\u00e9 diff\u00e9rentes techniques et aiguilles pour l&apos;acupuncture. Elle n&apos;a pas seulement travaill\u00e9 sur le c\u00f4t\u00e9 du visage affect\u00e9 par la paralysie de Bell, mais aussi sur d&apos;autres parties du corps. Son traitement m&apos;a aid\u00e9 \u00e0 r\u00e9duire mon stress, ce qui, je pense, pourrait \u00eatre la raison pour laquelle j&apos;ai eu \u00e7a. Trois semaines apr\u00e8s le d\u00e9but de la paralysie de Bell et apr\u00e8s deux semaines de traitement, j&apos;ai commenc\u00e9 \u00e0 r\u00e9cup\u00e9rer un peu. J&apos;ai pu bouger l\u00e9g\u00e8rement le coin droit de la bouche. C&apos;\u00e9tait une grande am\u00e9lioration et je savais que j&apos;\u00e9tais sur la bonne voie pour retrouver un visage normal. Six semaines d&apos;acupuncture m&apos;ont aid\u00e9 \u00e0 r\u00e9cup\u00e9rer plus de 90% de mes expressions faciales, la plupart d&apos;entre elles \u00e9tant sym\u00e9triques. Les m\u00e9decins disent que la plupart des patients r\u00e9cup\u00e8rent apr\u00e8s 6 \u00e0 8 semaines. Certains d&apos;entre eux peuvent garder des s\u00e9quelles de la paralysie de Bell, mais je recommande de faire de l&apos;acupuncture d\u00e8s que possible. Plus t\u00f4t le traitement est fait, meilleurs sont les r\u00e9sultats et la r\u00e9cup\u00e9ration.&quot;\u00a0\u00bb arrows_custom_color=\u00a0\u00bb#616ce1&Prime; dot_nav_custom_color=\u00a0\u00bb#7f8dff\u00a0\u00bb _builder_version=\u00a0\u00bb4.22.2&Prime; header_font_size=\u00a0\u00bb20px\u00a0\u00bb global_colors_info=\u00a0\u00bb{}\u00a0\u00bb button_text_size__hover_enabled=\u00a0\u00bboff\u00a0\u00bb button_one_text_size__hover_enabled=\u00a0\u00bboff\u00a0\u00bb button_two_text_size__hover_enabled=\u00a0\u00bboff\u00a0\u00bb button_text_color__hover_enabled=\u00a0\u00bboff\u00a0\u00bb button_one_text_color__hover_enabled=\u00a0\u00bboff\u00a0\u00bb button_two_text_color__hover_enabled=\u00a0\u00bboff\u00a0\u00bb button_border_width__hover_enabled=\u00a0\u00bboff\u00a0\u00bb button_one_border_width__hover_enabled=\u00a0\u00bboff\u00a0\u00bb button_two_border_width__hover_enabled=\u00a0\u00bboff\u00a0\u00bb button_border_color__hover_enabled=\u00a0\u00bboff\u00a0\u00bb button_one_border_color__hover_enabled=\u00a0\u00bboff\u00a0\u00bb button_two_border_color__hover_enabled=\u00a0\u00bboff\u00a0\u00bb button_border_radius__hover_enabled=\u00a0\u00bboff\u00a0\u00bb button_one_border_radius__hover_enabled=\u00a0\u00bboff\u00a0\u00bb button_two_border_radius__hover_enabled=\u00a0\u00bboff\u00a0\u00bb button_letter_spacing__hover_enabled=\u00a0\u00bboff\u00a0\u00bb button_one_letter_spacing__hover_enabled=\u00a0\u00bboff\u00a0\u00bb button_two_letter_spacing__hover_enabled=\u00a0\u00bboff\u00a0\u00bb button_bg_color__hover_enabled=\u00a0\u00bboff\u00a0\u00bb button_one_bg_color__hover_enabled=\u00a0\u00bboff\u00a0\u00bb button_two_bg_color__hover_enabled=\u00a0\u00bboff\u00a0\u00bb sticky_transition=\u00a0\u00bbon\u00a0\u00bb]<\/p>\n<p class=\"p1\">ratemds.com<\/p>\n<p>[\/et_pb_slide][et_pb_slide heading=\u00a0\u00bb&quot;Lijun Luan est la meilleure acupunctrice \u00e0 Montr\u00e9al. Elle poss\u00e8de une vaste exp\u00e9rience, est douce, attentionn\u00e9e et compatissante, et ne pratique pas de tarifs exorbitants. Elle m&apos;a aid\u00e9 \u00e0 arr\u00eater de fumer apr\u00e8s 50 ans de tabagisme et a r\u00e9ussi \u00e0 traiter des probl\u00e8mes de prostate, de foie, de reins et de v\u00e9sicule biliaire caus\u00e9s par des modes de vie et des interventions chirurgicales s\u00e9rieuses. Dieu merci pour cette ma\u00eetre gu\u00e9risseuse !&quot; &quot;Lijun Luan \u00e9tait m\u00e9decin et acupunctrice en Chine pendant de nombreuses ann\u00e9es. Elle pratique maintenant l&apos;acupuncture ici et poss\u00e8de un dipl\u00f4me en acupuncture faciale. J&apos;ai suivi cinq s\u00e9ances d&apos;acupuncture faciale avec elle et je suis tr\u00e8s satisfait des r\u00e9sultats. Je la recommande vivement pour l&apos;acupuncture faciale ou pour tout autre type d&apos;acupuncture. Ses tarifs sont tr\u00e8s raisonnables.&quot;\u00a0\u00bb arrows_custom_color=\u00a0\u00bb#616ce1&Prime; dot_nav_custom_color=\u00a0\u00bb#7f8dff\u00a0\u00bb _builder_version=\u00a0\u00bb4.22.2&Prime; header_font_size=\u00a0\u00bb20px\u00a0\u00bb global_colors_info=\u00a0\u00bb{}\u00a0\u00bb button_text_size__hover_enabled=\u00a0\u00bboff\u00a0\u00bb button_one_text_size__hover_enabled=\u00a0\u00bboff\u00a0\u00bb button_two_text_size__hover_enabled=\u00a0\u00bboff\u00a0\u00bb button_text_color__hover_enabled=\u00a0\u00bboff\u00a0\u00bb button_one_text_color__hover_enabled=\u00a0\u00bboff\u00a0\u00bb button_two_text_color__hover_enabled=\u00a0\u00bboff\u00a0\u00bb button_border_width__hover_enabled=\u00a0\u00bboff\u00a0\u00bb button_one_border_width__hover_enabled=\u00a0\u00bboff\u00a0\u00bb button_two_border_width__hover_enabled=\u00a0\u00bboff\u00a0\u00bb button_border_color__hover_enabled=\u00a0\u00bboff\u00a0\u00bb button_one_border_color__hover_enabled=\u00a0\u00bboff\u00a0\u00bb button_two_border_color__hover_enabled=\u00a0\u00bboff\u00a0\u00bb button_border_radius__hover_enabled=\u00a0\u00bboff\u00a0\u00bb button_one_border_radius__hover_enabled=\u00a0\u00bboff\u00a0\u00bb button_two_border_radius__hover_enabled=\u00a0\u00bboff\u00a0\u00bb button_letter_spacing__hover_enabled=\u00a0\u00bboff\u00a0\u00bb button_one_letter_spacing__hover_enabled=\u00a0\u00bboff\u00a0\u00bb button_two_letter_spacing__hover_enabled=\u00a0\u00bboff\u00a0\u00bb button_bg_color__hover_enabled=\u00a0\u00bboff\u00a0\u00bb button_one_bg_color__hover_enabled=\u00a0\u00bboff\u00a0\u00bb button_two_bg_color__hover_enabled=\u00a0\u00bboff\u00a0\u00bb sticky_transition=\u00a0\u00bbon\u00a0\u00bb]<\/p>\n<p class=\"p1\">ratemds.com<\/p>\n<p>[\/et_pb_slide][et_pb_slide heading=\u00a0\u00bb&quot;Je ne saurais trop recommander cette dame. Elle aborde l&apos;acupuncture avec une compr\u00e9hension solide et approfondie de la m\u00e9decine chinoise et occidentale. Son attitude et son comportement tr\u00e8s utiles et pr\u00e9occup\u00e9s, associ\u00e9s \u00e0 une expertise et des connaissances \u00e9videntes, font de ses s\u00e9ances de traitement un plaisir. Si vous envisagez d&apos;explorer l&apos;acupuncture pour vos probl\u00e8mes, vous ne ferez pas fausse route en venant ici.&quot; &quot;Simplement la meilleure. Elle est humaine, elle \u00e9coute attentivement et vous prodigue le meilleur traitement. Elle est \u00e9galement tr\u00e8s honn\u00eate sur ce que l&apos;acupuncture peut et ne peut pas r\u00e9soudre. Elle m&apos;a beaucoup aid\u00e9 lorsque j&apos;\u00e9tais en grande douleur et je me sens tellement mieux maintenant. Je la recommande vivement \u00e0 toute personne d\u00e9sesp\u00e9r\u00e9e de trouver un soulagement des douleurs chroniques s\u00e9v\u00e8res, sans avoir \u00e0 prendre une tonne de m\u00e9dicaments contre la douleur. Je peux travailler \u00e0 nouveau et profiter de la vie. Merci Dr LiJun Luan.&quot;\u00a0\u00bb arrows_custom_color=\u00a0\u00bb#616ce1&Prime; dot_nav_custom_color=\u00a0\u00bb#7f8dff\u00a0\u00bb _builder_version=\u00a0\u00bb4.22.2&Prime; header_font_size=\u00a0\u00bb20px\u00a0\u00bb global_colors_info=\u00a0\u00bb{}\u00a0\u00bb button_text_size__hover_enabled=\u00a0\u00bboff\u00a0\u00bb button_one_text_size__hover_enabled=\u00a0\u00bboff\u00a0\u00bb button_two_text_size__hover_enabled=\u00a0\u00bboff\u00a0\u00bb button_text_color__hover_enabled=\u00a0\u00bboff\u00a0\u00bb button_one_text_color__hover_enabled=\u00a0\u00bboff\u00a0\u00bb button_two_text_color__hover_enabled=\u00a0\u00bboff\u00a0\u00bb button_border_width__hover_enabled=\u00a0\u00bboff\u00a0\u00bb button_one_border_width__hover_enabled=\u00a0\u00bboff\u00a0\u00bb button_two_border_width__hover_enabled=\u00a0\u00bboff\u00a0\u00bb button_border_color__hover_enabled=\u00a0\u00bboff\u00a0\u00bb button_one_border_color__hover_enabled=\u00a0\u00bboff\u00a0\u00bb button_two_border_color__hover_enabled=\u00a0\u00bboff\u00a0\u00bb button_border_radius__hover_enabled=\u00a0\u00bboff\u00a0\u00bb button_one_border_radius__hover_enabled=\u00a0\u00bboff\u00a0\u00bb button_two_border_radius__hover_enabled=\u00a0\u00bboff\u00a0\u00bb button_letter_spacing__hover_enabled=\u00a0\u00bboff\u00a0\u00bb button_one_letter_spacing__hover_enabled=\u00a0\u00bboff\u00a0\u00bb button_two_letter_spacing__hover_enabled=\u00a0\u00bboff\u00a0\u00bb button_bg_color__hover_enabled=\u00a0\u00bboff\u00a0\u00bb button_one_bg_color__hover_enabled=\u00a0\u00bboff\u00a0\u00bb button_two_bg_color__hover_enabled=\u00a0\u00bboff\u00a0\u00bb sticky_transition=\u00a0\u00bbon\u00a0\u00bb]<\/p>\n<p class=\"p1\">ratemds.com<\/p>\n<p>[\/et_pb_slide][\/et_pb_slider][\/et_pb_column][\/et_pb_row][et_pb_row _builder_version=\u00a0\u00bb4.22.2&Prime; _module_preset=\u00a0\u00bbdefault\u00a0\u00bb custom_padding=\u00a0\u00bb||12px|||\u00a0\u00bb global_colors_info=\u00a0\u00bb{}\u00a0\u00bb][et_pb_column type=\u00a0\u00bb4_4&Prime; _builder_version=\u00a0\u00bb4.22.2&Prime; _module_preset=\u00a0\u00bbdefault\u00a0\u00bb global_colors_info=\u00a0\u00bb{}\u00a0\u00bb][et_pb_button button_url=\u00a0\u00bbmailto:info@luanacu.com\u00a0\u00bb url_new_window=\u00a0\u00bbon\u00a0\u00bb button_text=\u00a0\u00bbPrenez rendez-vous\u00a0\u00bb button_alignment=\u00a0\u00bbcenter\u00a0\u00bb _builder_version=\u00a0\u00bb4.22.1&Prime; custom_button=\u00a0\u00bbon\u00a0\u00bb button_text_size=\u00a0\u00bb14px\u00a0\u00bb button_text_color=\u00a0\u00bb#ffffff\u00a0\u00bb button_bg_color=\u00a0\u00bb#7f8dff\u00a0\u00bb button_border_color=\u00a0\u00bbrgba(0,0,0,0)\u00a0\u00bb button_border_radius=\u00a0\u00bb100px\u00a0\u00bb button_letter_spacing=\u00a0\u00bb2px\u00a0\u00bb button_font=\u00a0\u00bbMontserrat|||on|||||\u00a0\u00bb custom_margin=\u00a0\u00bb-18px|||||\u00a0\u00bb custom_padding=\u00a0\u00bb16px|30px|16px|30px|true|true\u00a0\u00bb box_shadow_style=\u00a0\u00bbpreset3&Prime; box_shadow_color=\u00a0\u00bbrgba(127,141,255,0.4)\u00a0\u00bb button_letter_spacing_hover=\u00a0\u00bb2px\u00a0\u00bb global_colors_info=\u00a0\u00bb{}\u00a0\u00bb button_text_size__hover_enabled=\u00a0\u00bboff\u00a0\u00bb button_one_text_size__hover_enabled=\u00a0\u00bboff\u00a0\u00bb button_two_text_size__hover_enabled=\u00a0\u00bboff\u00a0\u00bb button_text_color__hover_enabled=\u00a0\u00bboff\u00a0\u00bb button_one_text_color__hover_enabled=\u00a0\u00bboff\u00a0\u00bb button_two_text_color__hover_enabled=\u00a0\u00bboff\u00a0\u00bb button_border_width__hover_enabled=\u00a0\u00bboff\u00a0\u00bb button_one_border_width__hover_enabled=\u00a0\u00bboff\u00a0\u00bb button_two_border_width__hover_enabled=\u00a0\u00bboff\u00a0\u00bb button_border_color__hover_enabled=\u00a0\u00bboff\u00a0\u00bb button_one_border_color__hover_enabled=\u00a0\u00bboff\u00a0\u00bb button_two_border_color__hover_enabled=\u00a0\u00bboff\u00a0\u00bb button_border_radius__hover_enabled=\u00a0\u00bboff\u00a0\u00bb button_one_border_radius__hover_enabled=\u00a0\u00bboff\u00a0\u00bb button_two_border_radius__hover_enabled=\u00a0\u00bboff\u00a0\u00bb button_letter_spacing__hover_enabled=\u00a0\u00bbon\u00a0\u00bb button_letter_spacing__hover=\u00a0\u00bb2px\u00a0\u00bb button_one_letter_spacing__hover_enabled=\u00a0\u00bboff\u00a0\u00bb button_two_letter_spacing__hover_enabled=\u00a0\u00bboff\u00a0\u00bb button_bg_color__hover_enabled=\u00a0\u00bboff\u00a0\u00bb button_one_bg_color__hover_enabled=\u00a0\u00bboff\u00a0\u00bb button_two_bg_color__hover_enabled=\u00a0\u00bboff\u00a0\u00bb][\/et_pb_button][\/et_pb_column][\/et_pb_row][\/et_pb_section]<\/p>\n","protected":false},"excerpt":{"rendered":"<p>ratemds.comratemds.comratemds.comratemds.com<\/p>\n","protected":false},"author":1,"featured_media":0,"parent":0,"menu_order":0,"comment_status":"closed","ping_status":"closed","template":"","meta":{"_et_pb_use_builder":"on","_et_pb_old_content":"","_et_gb_content_width":"","footnotes":""},"class_list":["post-363","page","type-page","status-publish","hentry"],"_links":{"self":[{"href":"https:\/\/luanacu.com\/fr\/wp-json\/wp\/v2\/pages\/363","targetHints":{"allow":["GET"]}}],"collection":[{"href":"https:\/\/luanacu.com\/fr\/wp-json\/wp\/v2\/pages"}],"about":[{"href":"https:\/\/luanacu.com\/fr\/wp-json\/wp\/v2\/types\/page"}],"author":[{"embeddable":true,"href":"https:\/\/luanacu.com\/fr\/wp-json\/wp\/v2\/users\/1"}],"replies":[{"embeddable":true,"href":"https:\/\/luanacu.com\/fr\/wp-json\/wp\/v2\/comments?post=363"}],"version-history":[{"count":2,"href":"https:\/\/luanacu.com\/fr\/wp-json\/wp\/v2\/pages\/363\/revisions"}],"predecessor-version":[{"id":365,"href":"https:\/\/luanacu.com\/fr\/wp-json\/wp\/v2\/pages\/363\/revisions\/365"}],"wp:attachment":[{"href":"https:\/\/luanacu.com\/fr\/wp-json\/wp\/v2\/media?parent=363"}],"curies":[{"name":"wp","href":"https:\/\/api.w.org\/{rel}","templated":true}]}}