{"id":347,"date":"2023-09-18T14:18:23","date_gmt":"2023-09-18T14:18:23","guid":{"rendered":"https:\/\/luanacu.com\/medecine-chinoise\/"},"modified":"2023-10-07T20:02:09","modified_gmt":"2023-10-07T20:02:09","slug":"medecine-chinoise","status":"publish","type":"page","link":"https:\/\/luanacu.com\/fr\/medecine-chinoise\/","title":{"rendered":"M\u00e9decine chinoise"},"content":{"rendered":"<p>[et_pb_section fb_built=\u00a0\u00bb1&Prime; next_background_color=\u00a0\u00bb#ffffff\u00a0\u00bb _builder_version=\u00a0\u00bb4.22.1&Prime; use_background_color_gradient=\u00a0\u00bbon\u00a0\u00bb background_color_gradient_type=\u00a0\u00bbcircular\u00a0\u00bb background_color_gradient_direction_radial=\u00a0\u00bbtop left\u00a0\u00bb background_color_gradient_stops=\u00a0\u00bbrgba(255,227,208,0.7) 50%|rgba(255,227,208,0.3) 100%\u00a0\u00bb background_color_gradient_overlays_image=\u00a0\u00bbon\u00a0\u00bb background_color_gradient_start=\u00a0\u00bbrgba(255,227,208,0.7)\u00a0\u00bb background_color_gradient_start_position=\u00a0\u00bb50%\u00a0\u00bb background_color_gradient_end=\u00a0\u00bbrgba(255,227,208,0.3)\u00a0\u00bb background_image=\u00a0\u00bbhttps:\/\/luanacu.com\/wp-content\/uploads\/2023\/09\/Medicine1.jpg\u00a0\u00bb custom_margin=\u00a0\u00bb||||false\u00a0\u00bb custom_padding=\u00a0\u00bb0vw||4vw||false|false\u00a0\u00bb bottom_divider_style=\u00a0\u00bbcurve\u00a0\u00bb bottom_divider_height=\u00a0\u00bb2.5vw\u00a0\u00bb global_colors_info=\u00a0\u00bb{}\u00a0\u00bb][et_pb_row _builder_version=\u00a0\u00bb4.16&Prime; animation_style=\u00a0\u00bbfade\u00a0\u00bb global_colors_info=\u00a0\u00bb{}\u00a0\u00bb][et_pb_column type=\u00a0\u00bb4_4&Prime; _builder_version=\u00a0\u00bb4.16&Prime; custom_padding=\u00a0\u00bb|||\u00a0\u00bb global_colors_info=\u00a0\u00bb{}\u00a0\u00bb custom_padding__hover=\u00a0\u00bb|||\u00a0\u00bb][et_pb_text _builder_version=\u00a0\u00bb4.22.2&Prime; text_font=\u00a0\u00bb||||||||\u00a0\u00bb text_text_color=\u00a0\u00bb#000000&Prime; text_font_size=\u00a0\u00bb18px\u00a0\u00bb text_line_height=\u00a0\u00bb2em\u00a0\u00bb header_font=\u00a0\u00bbMontserrat|300|||||||\u00a0\u00bb header_font_size=\u00a0\u00bb50px\u00a0\u00bb header_line_height=\u00a0\u00bb1.4em\u00a0\u00bb text_orientation=\u00a0\u00bbcenter\u00a0\u00bb max_width=\u00a0\u00bb700px\u00a0\u00bb module_alignment=\u00a0\u00bbcenter\u00a0\u00bb header_font_size_tablet=\u00a0\u00bb40px\u00a0\u00bb header_font_size_phone=\u00a0\u00bb32px\u00a0\u00bb header_font_size_last_edited=\u00a0\u00bbon|desktop\u00a0\u00bb global_colors_info=\u00a0\u00bb{}\u00a0\u00bb]<\/p>\n<h1 class=\"p1\">M\u00e9decine chinoise<\/h1>\n<p style=\"text-align: justify;\">La m\u00e9decine chinoise est un ancien syst\u00e8me de soins de sant\u00e9 holistique pratiqu\u00e9 depuis des milliers d&rsquo;ann\u00e9es. Elle est profond\u00e9ment enracin\u00e9e dans la philosophie du tao\u00efsme, qui met l&rsquo;accent sur l&rsquo;\u00e9quilibre et l&rsquo;harmonie entre les forces oppos\u00e9es, comme le Yin et le Yang, ainsi que sur le flux du Qi (prononc\u00e9 \u00ab\u00a0tchi\u00a0\u00bb), ou \u00e9nergie vitale, \u00e0 l&rsquo;int\u00e9rieur du corps. <\/p>\n<p style=\"text-align: justify;\">Au c\u0153ur de la m\u00e9decine chinoise se trouve la croyance que la sant\u00e9 est un \u00e9tat d&rsquo;\u00e9quilibre, et la maladie d\u00e9coule des d\u00e9s\u00e9quilibres ou des blocages dans le flux du Qi. Les praticiens utilisent toute une gamme de th\u00e9rapies pour r\u00e9tablir cet \u00e9quilibre, notamment l&rsquo;acupuncture, la phytoth\u00e9rapie, la di\u00e9t\u00e9tique et des exercices comme le Tai Chi et le Qi Gong. <\/p>\n<p style=\"text-align: justify;\">L&rsquo;acupuncture, l&rsquo;un des aspects les plus connus de la m\u00e9decine chinoise, consiste \u00e0 ins\u00e9rer de fines aiguilles dans des points sp\u00e9cifiques du corps pour stimuler le flux du Qi et favoriser la gu\u00e9rison. On pense que cette pratique r\u00e9gule les canaux d&rsquo;\u00e9nergie du corps, traitant un large \u00e9ventail de conditions, de la gestion de la douleur au bien-\u00eatre \u00e9motionnel. <\/p>\n<p style=\"text-align: justify;\">La phytoth\u00e9rapie est une autre composante essentielle, avec des milliers de plantes class\u00e9es en fonction de leurs propri\u00e9t\u00e9s et de leurs effets sur le corps. Les formules \u00e0 base de plantes chinoises sont soigneusement \u00e9labor\u00e9es pour traiter des sch\u00e9mas de d\u00e9s\u00e9quilibre individualis\u00e9s, en en faisant une approche polyvalente et personnalis\u00e9e de la gu\u00e9rison. <\/p>\n<p style=\"text-align: justify;\">La di\u00e9t\u00e9tique met l&rsquo;accent sur l&rsquo;importance de l&rsquo;\u00e9quilibre dans le choix des aliments, visant \u00e0 nourrir le corps de mani\u00e8re \u00e0 soutenir une sant\u00e9 optimale. Elle prend en compte les propri\u00e9t\u00e9s \u00e9nerg\u00e9tiques des aliments et leurs effets sur la constitution du corps. <\/p>\n<p style=\"text-align: justify;\">L&rsquo;approche de la m\u00e9decine chinoise envers la sant\u00e9 est holistique, tenant compte de l&rsquo;interconnexion de l&rsquo;esprit, du corps et de l&rsquo;\u00e2me. Elle est largement pratiqu\u00e9e et respect\u00e9e dans le monde entier, offrant une perspective alternative sur les soins de sant\u00e9 qui compl\u00e8te la m\u00e9decine occidentale. Avec sa riche histoire et son efficacit\u00e9 durable, la m\u00e9decine chinoise continue d&rsquo;\u00eatre une ressource pr\u00e9cieuse pour ceux qui cherchent des approches naturelles et holistiques du bien-\u00eatre.  <\/p>\n<p>[\/et_pb_text][et_pb_button button_url=\u00a0\u00bbmailto:info@luanacu.com\u00a0\u00bb url_new_window=\u00a0\u00bbon\u00a0\u00bb button_text=\u00a0\u00bbPour plus d&apos;information\u00a0\u00bb button_alignment=\u00a0\u00bbcenter\u00a0\u00bb _builder_version=\u00a0\u00bb4.22.2&Prime; custom_button=\u00a0\u00bbon\u00a0\u00bb button_text_size=\u00a0\u00bb14px\u00a0\u00bb button_text_color=\u00a0\u00bb#ffffff\u00a0\u00bb button_bg_color=\u00a0\u00bb#7f8dff\u00a0\u00bb button_border_color=\u00a0\u00bbrgba(0,0,0,0)\u00a0\u00bb button_border_radius=\u00a0\u00bb100px\u00a0\u00bb button_letter_spacing=\u00a0\u00bb2px\u00a0\u00bb button_font=\u00a0\u00bbMontserrat|||on|||||\u00a0\u00bb custom_padding=\u00a0\u00bb16px|30px|16px|30px|true|true\u00a0\u00bb box_shadow_style=\u00a0\u00bbpreset3&Prime; box_shadow_color=\u00a0\u00bbrgba(127,141,255,0.4)\u00a0\u00bb button_letter_spacing_hover=\u00a0\u00bb2px\u00a0\u00bb global_colors_info=\u00a0\u00bb{}\u00a0\u00bb button_text_size__hover_enabled=\u00a0\u00bboff\u00a0\u00bb button_one_text_size__hover_enabled=\u00a0\u00bboff\u00a0\u00bb button_two_text_size__hover_enabled=\u00a0\u00bboff\u00a0\u00bb button_text_color__hover_enabled=\u00a0\u00bboff\u00a0\u00bb button_one_text_color__hover_enabled=\u00a0\u00bboff\u00a0\u00bb button_two_text_color__hover_enabled=\u00a0\u00bboff\u00a0\u00bb button_border_width__hover_enabled=\u00a0\u00bboff\u00a0\u00bb button_one_border_width__hover_enabled=\u00a0\u00bboff\u00a0\u00bb button_two_border_width__hover_enabled=\u00a0\u00bboff\u00a0\u00bb button_border_color__hover_enabled=\u00a0\u00bboff\u00a0\u00bb button_one_border_color__hover_enabled=\u00a0\u00bboff\u00a0\u00bb button_two_border_color__hover_enabled=\u00a0\u00bboff\u00a0\u00bb button_border_radius__hover_enabled=\u00a0\u00bboff\u00a0\u00bb button_one_border_radius__hover_enabled=\u00a0\u00bboff\u00a0\u00bb button_two_border_radius__hover_enabled=\u00a0\u00bboff\u00a0\u00bb button_letter_spacing__hover_enabled=\u00a0\u00bbon\u00a0\u00bb button_letter_spacing__hover=\u00a0\u00bb2px\u00a0\u00bb button_one_letter_spacing__hover_enabled=\u00a0\u00bboff\u00a0\u00bb button_two_letter_spacing__hover_enabled=\u00a0\u00bboff\u00a0\u00bb button_bg_color__hover_enabled=\u00a0\u00bboff\u00a0\u00bb button_one_bg_color__hover_enabled=\u00a0\u00bboff\u00a0\u00bb button_two_bg_color__hover_enabled=\u00a0\u00bboff\u00a0\u00bb][\/et_pb_button][\/et_pb_column][\/et_pb_row][\/et_pb_section][et_pb_section fb_built=\u00a0\u00bb1&Prime; admin_label=\u00a0\u00bbAbout Me\u00a0\u00bb _builder_version=\u00a0\u00bb4.16&Prime; global_colors_info=\u00a0\u00bb{}\u00a0\u00bb][et_pb_row column_structure=\u00a0\u00bb1_4,3_4&Prime; use_custom_gutter=\u00a0\u00bbon\u00a0\u00bb padding_top_bottom_link_2=\u00a0\u00bbtrue\u00a0\u00bb padding_left_right_link_2=\u00a0\u00bbtrue\u00a0\u00bb _builder_version=\u00a0\u00bb4.16&Prime; max_width=\u00a0\u00bb80%\u00a0\u00bb custom_margin=\u00a0\u00bb|0px||\u00a0\u00bb custom_margin_tablet=\u00a0\u00bb|10%||10%||true\u00a0\u00bb custom_margin_phone=\u00a0\u00bb\u00a0\u00bb custom_margin_last_edited=\u00a0\u00bbon|tablet\u00a0\u00bb custom_padding=\u00a0\u00bb100px|0px|0|0px|false|false\u00a0\u00bb use_custom_width=\u00a0\u00bbon\u00a0\u00bb width_unit=\u00a0\u00bboff\u00a0\u00bb global_colors_info=\u00a0\u00bb{}\u00a0\u00bb][et_pb_column type=\u00a0\u00bb1_4&Prime; _builder_version=\u00a0\u00bb4.16&Prime; custom_padding=\u00a0\u00bb|||\u00a0\u00bb global_colors_info=\u00a0\u00bb{}\u00a0\u00bb custom_padding__hover=\u00a0\u00bb|||\u00a0\u00bb][et_pb_image src=\u00a0\u00bbhttps:\/\/luanacu.com\/wp-content\/uploads\/2023\/09\/LijunHuan.jpg\u00a0\u00bb title_text=\u00a0\u00bbLijunHuan\u00a0\u00bb align_tablet=\u00a0\u00bbcenter\u00a0\u00bb align_phone=\u00a0\u00bbcenter\u00a0\u00bb align_last_edited=\u00a0\u00bbon|desktop\u00a0\u00bb _builder_version=\u00a0\u00bb4.22.1&Prime; custom_margin=\u00a0\u00bb-60px|-50%||\u00a0\u00bb custom_margin_tablet=\u00a0\u00bb|0%||\u00a0\u00bb custom_margin_phone=\u00a0\u00bb\u00a0\u00bb custom_margin_last_edited=\u00a0\u00bbon|tablet\u00a0\u00bb animation_style=\u00a0\u00bbslide\u00a0\u00bb animation_direction=\u00a0\u00bbright\u00a0\u00bb animation_intensity_slide=\u00a0\u00bb5%\u00a0\u00bb global_colors_info=\u00a0\u00bb{}\u00a0\u00bb][\/et_pb_image][\/et_pb_column][et_pb_column type=\u00a0\u00bb3_4&Prime; _builder_version=\u00a0\u00bb4.16&Prime; background_color=\u00a0\u00bb#f7f9fc\u00a0\u00bb custom_padding=\u00a0\u00bb40px|60px|40px|60px\u00a0\u00bb custom_padding_tablet=\u00a0\u00bb40px|60px|40px|60px\u00a0\u00bb custom_padding_phone=\u00a0\u00bb|40px||40px||true\u00a0\u00bb custom_padding_last_edited=\u00a0\u00bbon|phone\u00a0\u00bb global_colors_info=\u00a0\u00bb{}\u00a0\u00bb padding_phone=\u00a0\u00bb|40px||40px||true\u00a0\u00bb padding_last_edited=\u00a0\u00bbon|phone\u00a0\u00bb custom_padding__hover=\u00a0\u00bb|||\u00a0\u00bb][et_pb_text _builder_version=\u00a0\u00bb4.22.2&Prime; text_font=\u00a0\u00bb||||||||\u00a0\u00bb text_font_size=\u00a0\u00bb16px\u00a0\u00bb text_line_height=\u00a0\u00bb2em\u00a0\u00bb header_font=\u00a0\u00bb||||||||\u00a0\u00bb header_2_font=\u00a0\u00bbMontserrat|300|||||||\u00a0\u00bb header_2_font_size=\u00a0\u00bb40px\u00a0\u00bb header_2_line_height=\u00a0\u00bb1.4em\u00a0\u00bb header_5_font=\u00a0\u00bb||||||||\u00a0\u00bb header_5_text_color=\u00a0\u00bb#7f8dff\u00a0\u00bb header_5_line_height=\u00a0\u00bb2em\u00a0\u00bb max_width=\u00a0\u00bb700px\u00a0\u00bb header_2_font_size_tablet=\u00a0\u00bb\u00a0\u00bb header_2_font_size_phone=\u00a0\u00bb30px\u00a0\u00bb header_2_font_size_last_edited=\u00a0\u00bbon|phone\u00a0\u00bb locked=\u00a0\u00bboff\u00a0\u00bb global_colors_info=\u00a0\u00bb{}\u00a0\u00bb]<\/p>\n<h2>Lijun Huan (M\u00e9decine chinoise)<\/h2>\n<p>Lijun Luan est une figure \u00e9minente dans le domaine de la m\u00e9decine chinoise, renomm\u00e9e pour sa connaissance profonde et son expertise dans les pratiques de gu\u00e9rison traditionnelles. Avec une carri\u00e8re s&rsquo;\u00e9tendant sur plus de trois d\u00e9cennies, elle a apport\u00e9 des contributions substantielles \u00e0 l&rsquo;int\u00e9gration de la sagesse m\u00e9dicinale chinoise ancienne avec les soins de sant\u00e9 modernes. <\/p>\n<p>N\u00e9e et \u00e9lev\u00e9e au c\u0153ur de la Chine, Lijun Luan a \u00e9t\u00e9 impr\u00e9gn\u00e9e d\u00e8s son plus jeune \u00e2ge des riches traditions de la m\u00e9decine chinoise. Son parcours a commenc\u00e9 par des \u00e9tudes rigoureuses sous la direction de mentors estim\u00e9s, o\u00f9 elle s&rsquo;est plong\u00e9e dans les classiques des rem\u00e8des \u00e0 base de plantes, de l&rsquo;acupuncture et du Qi Gong. Cette fondation a jet\u00e9 les bases de ses r\u00e9alisations ult\u00e9rieures.  <\/p>\n<p>L&rsquo;approche de Lijun en mati\u00e8re de gu\u00e9rison se distingue par une perspective holistique, consid\u00e9rant le corps, l&rsquo;esprit et l&rsquo;\u00e2me comme des facettes interconnect\u00e9es du bien-\u00eatre d&rsquo;une personne. Elle met l&rsquo;accent sur l&rsquo;\u00e9quilibre du Qi, la force vitale, et adopte une approche sur mesure pour chaque patient. Ses traitements se caract\u00e9risent par une s\u00e9lection m\u00e9ticuleuse de formulations \u00e0 base de plantes et de techniques d&rsquo;acupuncture, garantissant une restauration harmonieuse de la sant\u00e9.  <\/p>\n<p>En plus de sa pratique clinique, Lijun Luan est une ardente d\u00e9fenseure de la pr\u00e9servation et de la diffusion des connaissances m\u00e9dicales chinoises traditionnelles. Elle a \u00e9crit plusieurs \u0153uvres s\u00e9minales, \u00e9clairant sur les m\u00e9thodologies anciennes et leur pertinence dans les soins de sant\u00e9 contemporains. Son d\u00e9vouement \u00e0 l&rsquo;\u00e9ducation s&rsquo;\u00e9tend \u00e0 la formation de praticiens aspirants, transmettant non seulement des comp\u00e9tences techniques, mais aussi la philosophie profonde qui sous-tend la m\u00e9decine chinoise.  <\/p>\n<p>Les contributions de Lijun Luan lui ont valu une reconnaissance internationale, et elle se dresse comme un phare d&rsquo;excellence dans le domaine de la m\u00e9decine chinoise. Son engagement ind\u00e9fectible envers le bien-\u00eatre de ses patients et la progression de son domaine continue d&rsquo;inspirer et de fa\u00e7onner l&rsquo;avenir des soins de sant\u00e9 holistiques. <\/p>\n<p>[\/et_pb_text][\/et_pb_column][\/et_pb_row][\/et_pb_section][et_pb_section fb_built=\u00a0\u00bb1&Prime; admin_label=\u00a0\u00bbMy Experience\u00a0\u00bb _builder_version=\u00a0\u00bb4.16&Prime; global_colors_info=\u00a0\u00bb{}\u00a0\u00bb][et_pb_row column_structure=\u00a0\u00bb1_2,1_2&Prime; _builder_version=\u00a0\u00bb4.16&Prime; global_colors_info=\u00a0\u00bb{}\u00a0\u00bb][et_pb_column type=\u00a0\u00bb1_2&Prime; _builder_version=\u00a0\u00bb4.16&Prime; custom_padding=\u00a0\u00bb|||\u00a0\u00bb custom_padding_tablet=\u00a0\u00bb0px|||\u00a0\u00bb custom_padding_last_edited=\u00a0\u00bboff|desktop\u00a0\u00bb global_colors_info=\u00a0\u00bb{}\u00a0\u00bb padding_tablet=\u00a0\u00bb0px|||\u00a0\u00bb padding_last_edited=\u00a0\u00bboff|desktop\u00a0\u00bb custom_padding__hover=\u00a0\u00bb|||\u00a0\u00bb][et_pb_text _builder_version=\u00a0\u00bb4.22.2&Prime; text_font=\u00a0\u00bb||||||||\u00a0\u00bb text_font_size=\u00a0\u00bb16px\u00a0\u00bb text_line_height=\u00a0\u00bb2em\u00a0\u00bb header_font=\u00a0\u00bb||||||||\u00a0\u00bb header_2_font=\u00a0\u00bb||||||||\u00a0\u00bb header_3_font=\u00a0\u00bbMontserrat||||||||\u00a0\u00bb header_3_line_height=\u00a0\u00bb1.4em\u00a0\u00bb header_5_font=\u00a0\u00bb||||||||\u00a0\u00bb header_5_text_color=\u00a0\u00bb#7f8dff\u00a0\u00bb header_5_line_height=\u00a0\u00bb2em\u00a0\u00bb max_width=\u00a0\u00bb700px\u00a0\u00bb hover_enabled=\u00a0\u00bb0&Prime; header_2_font_size_phone=\u00a0\u00bb30px\u00a0\u00bb header_2_font_size_last_edited=\u00a0\u00bboff|desktop\u00a0\u00bb locked=\u00a0\u00bboff\u00a0\u00bb global_colors_info=\u00a0\u00bb{}\u00a0\u00bb sticky_enabled=\u00a0\u00bb0&Prime;]<\/p>\n<h2 style=\"text-align: right;\">Approche et Valeurs<\/h2>\n<p class=\"p1\" style=\"text-align: right;\"><span>Lijun Luan est une acupunctrice accomplie dont l&rsquo;approche marie la sagesse traditionnelle avec la science moderne. Forte de plus de deux d\u00e9cennies d&rsquo;exp\u00e9rience, elle allie les techniques anciennes de gu\u00e9rison chinoises \u00e0 une profonde compr\u00e9hension des pratiques m\u00e9dicales contemporaines. Lijun emploie une m\u00e9thodologie holistique, consid\u00e9rant l&rsquo;interconnexion de l&rsquo;esprit, du corps et de l&rsquo;\u00e2me dans ses traitements. Sa pr\u00e9cision diagnostique est renomm\u00e9e, adaptant chaque s\u00e9ance \u00e0 la constitution unique de l&rsquo;individu et \u00e0 ses pr\u00e9occupations sp\u00e9cifiques. Gr\u00e2ce \u00e0 un placement minutieux des aiguilles et une manipulation douce, elle favorise la circulation de l&rsquo;\u00e9nergie vitale, ou Qi, r\u00e9tablissant l&rsquo;\u00e9quilibre et soulageant les maux. La bienveillance de Lijun favorise la confiance et la d\u00e9tente, assurant un environnement de gu\u00e9rison serein pour ses patients.     <\/span><\/p>\n<p>[\/et_pb_text][\/et_pb_column][et_pb_column type=\u00a0\u00bb1_2&Prime; _builder_version=\u00a0\u00bb4.16&Prime; custom_padding=\u00a0\u00bb|||\u00a0\u00bb custom_padding_tablet=\u00a0\u00bb0px|||\u00a0\u00bb custom_padding_last_edited=\u00a0\u00bboff|desktop\u00a0\u00bb global_colors_info=\u00a0\u00bb{}\u00a0\u00bb padding_tablet=\u00a0\u00bb0px|||\u00a0\u00bb padding_last_edited=\u00a0\u00bboff|desktop\u00a0\u00bb custom_padding__hover=\u00a0\u00bb|||\u00a0\u00bb][et_pb_text ul_position=\u00a0\u00bbinside\u00a0\u00bb _builder_version=\u00a0\u00bb4.22.2&Prime; text_font=\u00a0\u00bb||||||||\u00a0\u00bb text_font_size=\u00a0\u00bb16px\u00a0\u00bb text_line_height=\u00a0\u00bb2em\u00a0\u00bb ul_font=\u00a0\u00bb||||||||\u00a0\u00bb ul_line_height=\u00a0\u00bb2em\u00a0\u00bb ol_font=\u00a0\u00bb||||||||\u00a0\u00bb header_font=\u00a0\u00bb||||||||\u00a0\u00bb header_2_font=\u00a0\u00bb||||||||\u00a0\u00bb header_3_font=\u00a0\u00bbMontserrat||||||||\u00a0\u00bb header_3_line_height=\u00a0\u00bb1.4em\u00a0\u00bb header_4_font=\u00a0\u00bbMontserrat||||||||\u00a0\u00bb header_4_line_height=\u00a0\u00bb1.8em\u00a0\u00bb header_5_font=\u00a0\u00bb||||||||\u00a0\u00bb header_5_text_color=\u00a0\u00bb#7f8dff\u00a0\u00bb header_5_line_height=\u00a0\u00bb2em\u00a0\u00bb max_width=\u00a0\u00bb700px\u00a0\u00bb hover_enabled=\u00a0\u00bb0&Prime; header_2_font_size_phone=\u00a0\u00bb30px\u00a0\u00bb header_2_font_size_last_edited=\u00a0\u00bboff|desktop\u00a0\u00bb locked=\u00a0\u00bboff\u00a0\u00bb global_colors_info=\u00a0\u00bb{}\u00a0\u00bb sticky_enabled=\u00a0\u00bb0&Prime;]<\/p>\n<h2 style=\"text-align: left;\">\u00c9tudes<\/h2>\n<h4 style=\"text-align: left;\">Baccalaur\u00e9at en M\u00e9decine,<br \/>Universit\u00e9 M\u00e9dicale de Chine.<br \/>Dipl\u00f4me en M\u00e9decine Occidentale<br \/>et M\u00e9decine Traditionnelle Chinoise.<\/h4>\n<h2 style=\"text-align: left;\"><\/h2>\n<h2 style=\"text-align: left;\"><\/h2>\n<h2 style=\"text-align: left;\"><\/h2>\n<h2 style=\"text-align: left;\">Exp\u00e9rience<\/h2>\n<h4 style=\"text-align: left;\">Pratique professionnelle en cliniques.<br \/>Licence d&rsquo;exercice de<br \/>l&rsquo;Ordre des Acupuncteurs du Qu\u00e9bec (OAQ).<\/h4>\n<p>[\/et_pb_text][\/et_pb_column][\/et_pb_row][\/et_pb_section]<\/p>\n","protected":false},"excerpt":{"rendered":"<p>M\u00e9decine chinoise La m\u00e9decine chinoise est un ancien syst\u00e8me de soins de sant\u00e9 holistique pratiqu\u00e9 depuis des milliers d&rsquo;ann\u00e9es. Elle est profond\u00e9ment enracin\u00e9e dans la philosophie du tao\u00efsme, qui met l&rsquo;accent sur l&rsquo;\u00e9quilibre et l&rsquo;harmonie entre les forces oppos\u00e9es, comme le Yin et le Yang, ainsi que sur le flux du Qi (prononc\u00e9 \u00ab\u00a0tchi\u00a0\u00bb), ou [&hellip;]<\/p>\n","protected":false},"author":1,"featured_media":0,"parent":0,"menu_order":0,"comment_status":"closed","ping_status":"closed","template":"","meta":{"_et_pb_use_builder":"on","_et_pb_old_content":"","_et_gb_content_width":"","footnotes":""},"class_list":["post-347","page","type-page","status-publish","hentry"],"_links":{"self":[{"href":"https:\/\/luanacu.com\/fr\/wp-json\/wp\/v2\/pages\/347","targetHints":{"allow":["GET"]}}],"collection":[{"href":"https:\/\/luanacu.com\/fr\/wp-json\/wp\/v2\/pages"}],"about":[{"href":"https:\/\/luanacu.com\/fr\/wp-json\/wp\/v2\/types\/page"}],"author":[{"embeddable":true,"href":"https:\/\/luanacu.com\/fr\/wp-json\/wp\/v2\/users\/1"}],"replies":[{"embeddable":true,"href":"https:\/\/luanacu.com\/fr\/wp-json\/wp\/v2\/comments?post=347"}],"version-history":[{"count":2,"href":"https:\/\/luanacu.com\/fr\/wp-json\/wp\/v2\/pages\/347\/revisions"}],"predecessor-version":[{"id":349,"href":"https:\/\/luanacu.com\/fr\/wp-json\/wp\/v2\/pages\/347\/revisions\/349"}],"wp:attachment":[{"href":"https:\/\/luanacu.com\/fr\/wp-json\/wp\/v2\/media?parent=347"}],"curies":[{"name":"wp","href":"https:\/\/api.w.org\/{rel}","templated":true}]}}