{"id":323,"date":"2023-09-18T14:06:10","date_gmt":"2023-09-18T14:06:10","guid":{"rendered":"https:\/\/luanacu.com\/acupuncture\/"},"modified":"2023-10-04T23:47:48","modified_gmt":"2023-10-04T23:47:48","slug":"acupuncture","status":"publish","type":"page","link":"https:\/\/luanacu.com\/fr\/acupuncture\/","title":{"rendered":"Acupuncture"},"content":{"rendered":"<p>[et_pb_section fb_built=\u00a0\u00bb1&Prime; next_background_color=\u00a0\u00bb#ffffff\u00a0\u00bb _builder_version=\u00a0\u00bb4.22.1&Prime; use_background_color_gradient=\u00a0\u00bbon\u00a0\u00bb background_color_gradient_type=\u00a0\u00bbcircular\u00a0\u00bb background_color_gradient_direction_radial=\u00a0\u00bbtop left\u00a0\u00bb background_color_gradient_stops=\u00a0\u00bbrgba(255,227,208,0.7) 50%|rgba(255,227,208,0.3) 100%\u00a0\u00bb background_color_gradient_overlays_image=\u00a0\u00bbon\u00a0\u00bb background_color_gradient_start=\u00a0\u00bbrgba(255,227,208,0.7)\u00a0\u00bb background_color_gradient_start_position=\u00a0\u00bb50%\u00a0\u00bb background_color_gradient_end=\u00a0\u00bbrgba(255,227,208,0.3)\u00a0\u00bb background_image=\u00a0\u00bbhttps:\/\/luanacu.com\/wp-content\/uploads\/2023\/09\/Acupunture2.jpg\u00a0\u00bb custom_margin=\u00a0\u00bb||||false\u00a0\u00bb custom_padding=\u00a0\u00bb0vw||4vw||false|false\u00a0\u00bb bottom_divider_style=\u00a0\u00bbcurve\u00a0\u00bb bottom_divider_height=\u00a0\u00bb2.5vw\u00a0\u00bb global_colors_info=\u00a0\u00bb{}\u00a0\u00bb][et_pb_row _builder_version=\u00a0\u00bb4.16&Prime; animation_style=\u00a0\u00bbfade\u00a0\u00bb global_colors_info=\u00a0\u00bb{}\u00a0\u00bb][et_pb_column type=\u00a0\u00bb4_4&Prime; _builder_version=\u00a0\u00bb4.16&Prime; custom_padding=\u00a0\u00bb|||\u00a0\u00bb global_colors_info=\u00a0\u00bb{}\u00a0\u00bb custom_padding__hover=\u00a0\u00bb|||\u00a0\u00bb][et_pb_text _builder_version=\u00a0\u00bb4.22.2&Prime; text_font=\u00a0\u00bb||||||||\u00a0\u00bb text_text_color=\u00a0\u00bb#000000&Prime; text_font_size=\u00a0\u00bb18px\u00a0\u00bb text_line_height=\u00a0\u00bb2em\u00a0\u00bb header_font=\u00a0\u00bbMontserrat|300|||||||\u00a0\u00bb header_font_size=\u00a0\u00bb50px\u00a0\u00bb header_line_height=\u00a0\u00bb1.4em\u00a0\u00bb text_orientation=\u00a0\u00bbcenter\u00a0\u00bb max_width=\u00a0\u00bb700px\u00a0\u00bb module_alignment=\u00a0\u00bbcenter\u00a0\u00bb header_font_size_tablet=\u00a0\u00bb40px\u00a0\u00bb header_font_size_phone=\u00a0\u00bb32px\u00a0\u00bb header_font_size_last_edited=\u00a0\u00bbon|desktop\u00a0\u00bb global_colors_info=\u00a0\u00bb{}\u00a0\u00bb]<\/p>\n<h1>Acupuncture<\/h1>\n<div class=\"flex-1 overflow-hidden\">\n<div class=\"react-scroll-to-bottom--css-jkvmd-79elbk h-full dark:bg-gray-800\">\n<div class=\"react-scroll-to-bottom--css-jkvmd-1n7m0yu\">\n<div class=\"flex flex-col text-sm dark:bg-gray-800\">\n<div class=\"group w-full text-token-text-primary border-b border-black\/10 dark:border-gray-900\/50 bg-gray-50 dark:bg-[#444654]\" data-testid=\"conversation-turn-5\">\n<div class=\"p-4 justify-center text-base md:gap-6 md:py-6 m-auto\">\n<div class=\"flex flex-1 gap-4 text-base mx-auto md:gap-6 md:max-w-2xl lg:max-w-[38rem] xl:max-w-3xl }\">\n<div class=\"relative flex w-[calc(100%-50px)] flex-col gap-1 md:gap-3 lg:w-[calc(100%-115px)]\">\n<div class=\"flex flex-grow flex-col gap-3 max-w-full\">\n<div class=\"min-h-[20px] flex flex-col items-start gap-3 overflow-x-auto whitespace-pre-wrap break-words\">\n<div class=\"markdown prose w-full break-words dark:prose-invert light\">\n<p style=\"text-align: justify;\">L&rsquo;acupuncture est un \u00e9l\u00e9ment cl\u00e9 de la m\u00e9decine traditionnelle chinoise, datant de plus de 2 500 ans. C&rsquo;est une pratique th\u00e9rapeutique bas\u00e9e sur la croyance que l&rsquo;\u00e9nergie vitale du corps, appel\u00e9e Qi, circule le long de voies sp\u00e9cifiques appel\u00e9es m\u00e9ridiens. Lorsque ce flux est perturb\u00e9 ou bloqu\u00e9, cela peut entra\u00eener divers maux physiques ou \u00e9motionnels. L&rsquo;acupuncture vise \u00e0 r\u00e9tablir l&rsquo;\u00e9quilibre et \u00e0 favoriser la gu\u00e9rison en ins\u00e9rant de fines aiguilles st\u00e9riles dans des points sp\u00e9cifiques le long de ces m\u00e9ridiens.   <\/p>\n<p style=\"text-align: justify;\">Le processus est pratiquement indolore, la plupart des individus ressentant une l\u00e9g\u00e8re sensation de picotement ou une profonde sensation de relaxation. La s\u00e9lection des points et la profondeur de l&rsquo;insertion de l&rsquo;aiguille sont hautement individualis\u00e9es, adapt\u00e9es \u00e0 la condition sp\u00e9cifique du patient et \u00e0 sa constitution globale. Des praticiens qualifi\u00e9s peuvent \u00e9galement int\u00e9grer des techniques telles que la moxibustion (br\u00fblage d&rsquo;armoise s\u00e9ch\u00e9e pr\u00e8s de la peau) ou la ventouse (utilisation de ventouses chauff\u00e9es pour cr\u00e9er une aspiration sur la peau) pour renforcer l&rsquo;effet th\u00e9rapeutique.  <\/p>\n<p style=\"text-align: justify;\">L&rsquo;acupuncture a d\u00e9montr\u00e9 son efficacit\u00e9 dans le traitement d&rsquo;une large gamme de conditions. Elle est bien connue pour sa capacit\u00e9 \u00e0 soulager les douleurs chroniques, notamment les douleurs dorsales, les migraines et l&rsquo;arthrite. De plus, elle est utilis\u00e9e pour traiter divers probl\u00e8mes li\u00e9s \u00e0 la sant\u00e9 mentale, tels que l&rsquo;anxi\u00e9t\u00e9, la d\u00e9pression et l&rsquo;insomnie. De plus, l&rsquo;acupuncture est utilis\u00e9e dans les traitements de fertilit\u00e9, la d\u00e9sintoxication et en tant que th\u00e9rapie compl\u00e9mentaire pour les patients atteints de cancer, aidant \u00e0 att\u00e9nuer les effets secondaires des traitements tels que la chimioth\u00e9rapie.   <\/p>\n<p style=\"text-align: justify;\">Ces derni\u00e8res ann\u00e9es, l&rsquo;acupuncture a gagn\u00e9 en reconnaissance au sein de la communaut\u00e9 m\u00e9dicale occidentale, de nombreux m\u00e9decins et praticiens de la sant\u00e9 l&rsquo;int\u00e9grant \u00e0 leurs plans de traitement. Son acceptation est soutenue par un corpus croissant de recherches scientifiques qui d\u00e9montrent son efficacit\u00e9 dans la promotion de la gu\u00e9rison et du bien-\u00eatre. Cette pratique ancienne continue d&rsquo;\u00e9voluer et joue un r\u00f4le significatif dans les soins de sant\u00e9 modernes, offrant une approche naturelle et holistique de la sant\u00e9 et du bien-\u00eatre.  <\/p>\n<\/div>\n<\/div>\n<\/div>\n<\/div>\n<\/div>\n<\/div>\n<\/div>\n<\/div>\n<\/div>\n<\/div>\n<\/div>\n<p>[\/et_pb_text][et_pb_button button_url=\u00a0\u00bbmailto:info@luanacu.com\u00a0\u00bb url_new_window=\u00a0\u00bbon\u00a0\u00bb button_text=\u00a0\u00bbPour plus d&rsquo;information\u00a0\u00bb button_alignment=\u00a0\u00bbcenter\u00a0\u00bb _builder_version=\u00a0\u00bb4.22.2&Prime; custom_button=\u00a0\u00bbon\u00a0\u00bb button_text_size=\u00a0\u00bb14px\u00a0\u00bb button_text_color=\u00a0\u00bb#ffffff\u00a0\u00bb button_bg_color=\u00a0\u00bb#7f8dff\u00a0\u00bb button_border_color=\u00a0\u00bbrgba(0,0,0,0)\u00a0\u00bb button_border_radius=\u00a0\u00bb100px\u00a0\u00bb button_letter_spacing=\u00a0\u00bb2px\u00a0\u00bb button_font=\u00a0\u00bbMontserrat|||on|||||\u00a0\u00bb custom_padding=\u00a0\u00bb16px|30px|16px|30px|true|true\u00a0\u00bb hover_enabled=\u00a0\u00bb0&Prime; box_shadow_style=\u00a0\u00bbpreset3&Prime; box_shadow_color=\u00a0\u00bbrgba(127,141,255,0.4)\u00a0\u00bb button_letter_spacing_hover=\u00a0\u00bb2px\u00a0\u00bb global_colors_info=\u00a0\u00bb{}\u00a0\u00bb button_text_size__hover_enabled=\u00a0\u00bboff\u00a0\u00bb button_one_text_size__hover_enabled=\u00a0\u00bboff\u00a0\u00bb button_two_text_size__hover_enabled=\u00a0\u00bboff\u00a0\u00bb button_text_color__hover_enabled=\u00a0\u00bboff\u00a0\u00bb button_one_text_color__hover_enabled=\u00a0\u00bboff\u00a0\u00bb button_two_text_color__hover_enabled=\u00a0\u00bboff\u00a0\u00bb button_border_width__hover_enabled=\u00a0\u00bboff\u00a0\u00bb button_one_border_width__hover_enabled=\u00a0\u00bboff\u00a0\u00bb button_two_border_width__hover_enabled=\u00a0\u00bboff\u00a0\u00bb button_border_color__hover_enabled=\u00a0\u00bboff\u00a0\u00bb button_one_border_color__hover_enabled=\u00a0\u00bboff\u00a0\u00bb button_two_border_color__hover_enabled=\u00a0\u00bboff\u00a0\u00bb button_border_radius__hover_enabled=\u00a0\u00bboff\u00a0\u00bb button_one_border_radius__hover_enabled=\u00a0\u00bboff\u00a0\u00bb button_two_border_radius__hover_enabled=\u00a0\u00bboff\u00a0\u00bb button_letter_spacing__hover_enabled=\u00a0\u00bbon\u00a0\u00bb button_letter_spacing__hover=\u00a0\u00bb2px\u00a0\u00bb button_one_letter_spacing__hover_enabled=\u00a0\u00bboff\u00a0\u00bb button_two_letter_spacing__hover_enabled=\u00a0\u00bboff\u00a0\u00bb button_bg_color__hover_enabled=\u00a0\u00bboff\u00a0\u00bb button_one_bg_color__hover_enabled=\u00a0\u00bboff\u00a0\u00bb button_two_bg_color__hover_enabled=\u00a0\u00bboff\u00a0\u00bb sticky_enabled=\u00a0\u00bb0&Prime;][\/et_pb_button][\/et_pb_column][\/et_pb_row][\/et_pb_section][et_pb_section fb_built=\u00a0\u00bb1&Prime; admin_label=\u00a0\u00bbAbout Me\u00a0\u00bb _builder_version=\u00a0\u00bb4.16&Prime; global_colors_info=\u00a0\u00bb{}\u00a0\u00bb][et_pb_row column_structure=\u00a0\u00bb1_4,3_4&Prime; use_custom_gutter=\u00a0\u00bbon\u00a0\u00bb padding_top_bottom_link_2=\u00a0\u00bbtrue\u00a0\u00bb padding_left_right_link_2=\u00a0\u00bbtrue\u00a0\u00bb _builder_version=\u00a0\u00bb4.16&Prime; max_width=\u00a0\u00bb80%\u00a0\u00bb custom_margin=\u00a0\u00bb|0px||\u00a0\u00bb custom_margin_tablet=\u00a0\u00bb|10%||10%||true\u00a0\u00bb custom_margin_phone=\u00a0\u00bb\u00a0\u00bb custom_margin_last_edited=\u00a0\u00bbon|tablet\u00a0\u00bb custom_padding=\u00a0\u00bb100px|0px|0|0px|false|false\u00a0\u00bb use_custom_width=\u00a0\u00bbon\u00a0\u00bb width_unit=\u00a0\u00bboff\u00a0\u00bb global_colors_info=\u00a0\u00bb{}\u00a0\u00bb][et_pb_column type=\u00a0\u00bb1_4&Prime; _builder_version=\u00a0\u00bb4.16&Prime; custom_padding=\u00a0\u00bb|||\u00a0\u00bb global_colors_info=\u00a0\u00bb{}\u00a0\u00bb custom_padding__hover=\u00a0\u00bb|||\u00a0\u00bb][et_pb_image src=\u00a0\u00bbhttps:\/\/luanacu.com\/wp-content\/uploads\/2023\/09\/LijunHuan.jpg\u00a0\u00bb title_text=\u00a0\u00bbLijunHuan\u00a0\u00bb align_tablet=\u00a0\u00bbcenter\u00a0\u00bb align_phone=\u00a0\u00bbcenter\u00a0\u00bb align_last_edited=\u00a0\u00bbon|desktop\u00a0\u00bb _builder_version=\u00a0\u00bb4.22.1&Prime; custom_margin=\u00a0\u00bb-60px|-50%||\u00a0\u00bb custom_margin_tablet=\u00a0\u00bb|0%||\u00a0\u00bb custom_margin_phone=\u00a0\u00bb\u00a0\u00bb custom_margin_last_edited=\u00a0\u00bbon|tablet\u00a0\u00bb animation_style=\u00a0\u00bbslide\u00a0\u00bb animation_direction=\u00a0\u00bbright\u00a0\u00bb animation_intensity_slide=\u00a0\u00bb5%\u00a0\u00bb global_colors_info=\u00a0\u00bb{}\u00a0\u00bb][\/et_pb_image][\/et_pb_column][et_pb_column type=\u00a0\u00bb3_4&Prime; _builder_version=\u00a0\u00bb4.16&Prime; background_color=\u00a0\u00bb#f7f9fc\u00a0\u00bb custom_padding=\u00a0\u00bb40px|60px|40px|60px\u00a0\u00bb custom_padding_tablet=\u00a0\u00bb40px|60px|40px|60px\u00a0\u00bb custom_padding_phone=\u00a0\u00bb|40px||40px||true\u00a0\u00bb custom_padding_last_edited=\u00a0\u00bbon|phone\u00a0\u00bb global_colors_info=\u00a0\u00bb{}\u00a0\u00bb padding_phone=\u00a0\u00bb|40px||40px||true\u00a0\u00bb padding_last_edited=\u00a0\u00bbon|phone\u00a0\u00bb custom_padding__hover=\u00a0\u00bb|||\u00a0\u00bb][et_pb_text _builder_version=\u00a0\u00bb4.22.2&Prime; text_font=\u00a0\u00bb||||||||\u00a0\u00bb text_font_size=\u00a0\u00bb16px\u00a0\u00bb text_line_height=\u00a0\u00bb2em\u00a0\u00bb header_font=\u00a0\u00bb||||||||\u00a0\u00bb header_2_font=\u00a0\u00bbMontserrat|300|||||||\u00a0\u00bb header_2_font_size=\u00a0\u00bb40px\u00a0\u00bb header_2_line_height=\u00a0\u00bb1.4em\u00a0\u00bb header_5_font=\u00a0\u00bb||||||||\u00a0\u00bb header_5_text_color=\u00a0\u00bb#7f8dff\u00a0\u00bb header_5_line_height=\u00a0\u00bb2em\u00a0\u00bb max_width=\u00a0\u00bb700px\u00a0\u00bb header_2_font_size_tablet=\u00a0\u00bb\u00a0\u00bb header_2_font_size_phone=\u00a0\u00bb30px\u00a0\u00bb header_2_font_size_last_edited=\u00a0\u00bbon|phone\u00a0\u00bb locked=\u00a0\u00bboff\u00a0\u00bb global_colors_info=\u00a0\u00bb{}\u00a0\u00bb]<\/p>\n<h2>Lijun Huan (Acupunctrice)<\/h2>\n<p>Lijun Luan se distingue comme une figure \u00e9minente dans le domaine de l&rsquo;acupuncture, une lumi\u00e8re \u00e9clatante de comp\u00e9tence et de savoir-faire dans l&rsquo;art de la m\u00e9decine traditionnelle chinoise. Fort de plus de trois d\u00e9cennies de d\u00e9vouement ind\u00e9fectible, Lijun a perfectionn\u00e9 son art \u00e0 un niveau de ma\u00eetrise qui lui a valu reconnaissance tant dans sa Chine natale que sur la sc\u00e8ne internationale. <\/p>\n<p>N\u00e9 dans la vieille ville de Xi&rsquo;an, Lijun a \u00e9t\u00e9 plong\u00e9 d\u00e8s son plus jeune \u00e2ge dans la riche toile de la culture chinoise. Sa fascination pour le corps humain et ses trajets \u00e9nerg\u00e9tiques complexes, connus sous le nom de m\u00e9ridiens, a allum\u00e9 une qu\u00eate de compr\u00e9hension et de gu\u00e9rison qui durerait toute une vie. Sous la tutelle de mentors v\u00e9n\u00e9r\u00e9s, il s&rsquo;est plong\u00e9 profond\u00e9ment dans les textes classiques, d\u00e9voilant les secrets de l&rsquo;acupuncture et des rem\u00e8des \u00e0 base de plantes.  <\/p>\n<p>Les mains de Lijun poss\u00e8dent un toucher presque mystique, une fusion d&rsquo;intuition et de pr\u00e9cision qui guide ses aiguilles vers les points pr\u00e9cis o\u00f9 circule le qi du corps. Les patients parlent en une r\u00e9v\u00e9rence chuchot\u00e9e de sa capacit\u00e9 \u00e0 soulager la douleur, r\u00e9tablir l&rsquo;\u00e9quilibre et raviver la vitalit\u00e9. Ses traitements transcendent le physique, embrassant la nature holistique du bien-\u00eatre, nourrissant non seulement le corps mais aussi l&rsquo;esprit.  <\/p>\n<p>Au-del\u00e0 de sa pratique clinique, Lijun est un \u00e9ducateur d\u00e9vou\u00e9, transmettant la sagesse ancienne \u00e0 une nouvelle g\u00e9n\u00e9ration d&rsquo;acupuncteurs. Ses enseignements sont impr\u00e9gn\u00e9s d&rsquo;un rare m\u00e9lange d&rsquo;humilit\u00e9 et d&rsquo;autorit\u00e9, r\u00e9sonnant avec des \u00e9tudiants avides d&rsquo;absorber la profondeur de son savoir. <\/p>\n<p>Dans les cercles internationaux, Lijun est recherch\u00e9 pour son expertise, invit\u00e9 \u00e0 des conf\u00e9rences et des symposiums pour partager ses id\u00e9es sur l&rsquo;efficacit\u00e9 de l&rsquo;acupuncture dans les soins de sant\u00e9 modernes. Ses recherches pionni\u00e8res ont \u00e9clair\u00e9 de nouveaux aspects de cet ancien art de gu\u00e9rison, comblant l&rsquo;\u00e9cart entre tradition et m\u00e9decine contemporaine. <\/p>\n<p>Dans le monde de l&rsquo;acupuncture, Lijun Luan est plus qu&rsquo;un praticien ; il est un phare d&rsquo;illumination, \u00e9clairant le chemin vers le bien-\u00eatre pour d&rsquo;innombrables \u00e2mes chanceuses qui ont eu le privil\u00e8ge de franchir sa porte. Son h\u00e9ritage est grav\u00e9 non seulement dans les annales de la m\u00e9decine, mais aussi dans les c\u0153urs de ceux qu&rsquo;il a gu\u00e9ris et inspir\u00e9s. <\/p>\n<p>[\/et_pb_text][\/et_pb_column][\/et_pb_row][\/et_pb_section][et_pb_section fb_built=\u00a0\u00bb1&Prime; admin_label=\u00a0\u00bbMy Experience\u00a0\u00bb _builder_version=\u00a0\u00bb4.16&Prime; global_colors_info=\u00a0\u00bb{}\u00a0\u00bb][et_pb_row column_structure=\u00a0\u00bb1_2,1_2&Prime; _builder_version=\u00a0\u00bb4.16&Prime; global_colors_info=\u00a0\u00bb{}\u00a0\u00bb][et_pb_column type=\u00a0\u00bb1_2&Prime; _builder_version=\u00a0\u00bb4.16&Prime; custom_padding=\u00a0\u00bb|||\u00a0\u00bb custom_padding_tablet=\u00a0\u00bb0px|||\u00a0\u00bb custom_padding_last_edited=\u00a0\u00bboff|desktop\u00a0\u00bb global_colors_info=\u00a0\u00bb{}\u00a0\u00bb padding_tablet=\u00a0\u00bb0px|||\u00a0\u00bb padding_last_edited=\u00a0\u00bboff|desktop\u00a0\u00bb custom_padding__hover=\u00a0\u00bb|||\u00a0\u00bb][et_pb_text _builder_version=\u00a0\u00bb4.22.2&Prime; text_font=\u00a0\u00bb||||||||\u00a0\u00bb text_font_size=\u00a0\u00bb16px\u00a0\u00bb text_line_height=\u00a0\u00bb2em\u00a0\u00bb header_font=\u00a0\u00bb||||||||\u00a0\u00bb header_2_font=\u00a0\u00bb||||||||\u00a0\u00bb header_3_font=\u00a0\u00bbMontserrat||||||||\u00a0\u00bb header_3_line_height=\u00a0\u00bb1.4em\u00a0\u00bb header_5_font=\u00a0\u00bb||||||||\u00a0\u00bb header_5_text_color=\u00a0\u00bb#7f8dff\u00a0\u00bb header_5_line_height=\u00a0\u00bb2em\u00a0\u00bb max_width=\u00a0\u00bb700px\u00a0\u00bb header_2_font_size_phone=\u00a0\u00bb30px\u00a0\u00bb header_2_font_size_last_edited=\u00a0\u00bboff|desktop\u00a0\u00bb locked=\u00a0\u00bboff\u00a0\u00bb global_colors_info=\u00a0\u00bb{}\u00a0\u00bb]<\/p>\n<h2 style=\"text-align: right;\">Approche et Valeurs<\/h2>\n<p class=\"p1\" style=\"text-align: right;\"><span>Lijun Luan est une acupunctrice accomplie dont l&rsquo;approche marie la sagesse traditionnelle avec la science moderne. Forte de plus de deux d\u00e9cennies d&rsquo;exp\u00e9rience, elle allie les techniques anciennes de gu\u00e9rison chinoises \u00e0 une profonde compr\u00e9hension des pratiques m\u00e9dicales contemporaines. Lijun emploie une m\u00e9thodologie holistique, consid\u00e9rant l&rsquo;interconnexion de l&rsquo;esprit, du corps et de l&rsquo;\u00e2me dans ses traitements. Sa pr\u00e9cision diagnostique est renomm\u00e9e, adaptant chaque s\u00e9ance \u00e0 la constitution unique de l&rsquo;individu et \u00e0 ses pr\u00e9occupations sp\u00e9cifiques. Gr\u00e2ce \u00e0 un placement minutieux des aiguilles et une manipulation douce, elle favorise la circulation de l&rsquo;\u00e9nergie vitale, ou Qi, r\u00e9tablissant l&rsquo;\u00e9quilibre et soulageant les maux. La bienveillance de Lijun favorise la confiance et la d\u00e9tente, assurant un environnement de gu\u00e9rison serein pour ses patients.     <\/span><\/p>\n<p>[\/et_pb_text][\/et_pb_column][et_pb_column type=\u00a0\u00bb1_2&Prime; _builder_version=\u00a0\u00bb4.16&Prime; custom_padding=\u00a0\u00bb|||\u00a0\u00bb custom_padding_tablet=\u00a0\u00bb0px|||\u00a0\u00bb custom_padding_last_edited=\u00a0\u00bboff|desktop\u00a0\u00bb global_colors_info=\u00a0\u00bb{}\u00a0\u00bb padding_tablet=\u00a0\u00bb0px|||\u00a0\u00bb padding_last_edited=\u00a0\u00bboff|desktop\u00a0\u00bb custom_padding__hover=\u00a0\u00bb|||\u00a0\u00bb][et_pb_text ul_position=\u00a0\u00bbinside\u00a0\u00bb _builder_version=\u00a0\u00bb4.22.2&Prime; text_font=\u00a0\u00bb||||||||\u00a0\u00bb text_font_size=\u00a0\u00bb16px\u00a0\u00bb text_line_height=\u00a0\u00bb2em\u00a0\u00bb ul_font=\u00a0\u00bb||||||||\u00a0\u00bb ul_line_height=\u00a0\u00bb2em\u00a0\u00bb ol_font=\u00a0\u00bb||||||||\u00a0\u00bb header_font=\u00a0\u00bb||||||||\u00a0\u00bb header_2_font=\u00a0\u00bb||||||||\u00a0\u00bb header_3_font=\u00a0\u00bbMontserrat||||||||\u00a0\u00bb header_3_line_height=\u00a0\u00bb1.4em\u00a0\u00bb header_4_font=\u00a0\u00bbMontserrat||||||||\u00a0\u00bb header_4_line_height=\u00a0\u00bb1.8em\u00a0\u00bb header_5_font=\u00a0\u00bb||||||||\u00a0\u00bb header_5_text_color=\u00a0\u00bb#7f8dff\u00a0\u00bb header_5_line_height=\u00a0\u00bb2em\u00a0\u00bb max_width=\u00a0\u00bb700px\u00a0\u00bb header_2_font_size_phone=\u00a0\u00bb30px\u00a0\u00bb header_2_font_size_last_edited=\u00a0\u00bboff|desktop\u00a0\u00bb locked=\u00a0\u00bboff\u00a0\u00bb global_colors_info=\u00a0\u00bb{}\u00a0\u00bb]<\/p>\n<h2 style=\"text-align: left;\">\u00c9tudes<\/h2>\n<h4 style=\"text-align: left;\">Baccalaur\u00e9at en M\u00e9decine,<br \/>Universit\u00e9 M\u00e9dicale de Chine.<br \/>Dipl\u00f4me en M\u00e9decine Occidentale<br \/>et M\u00e9decine Traditionnelle Chinoise.<\/h4>\n<h2 style=\"text-align: left;\"><\/h2>\n<h2 style=\"text-align: left;\"><\/h2>\n<h2 style=\"text-align: left;\"><\/h2>\n<h2 style=\"text-align: left;\">Exp\u00e9rience<\/h2>\n<h4 style=\"text-align: left;\">Pratique professionnelle en cliniques.<br \/>Licence d&rsquo;exercice de<br \/>l&rsquo;Ordre des Acupuncteurs du Qu\u00e9bec (OAQ).<\/h4>\n<p>[\/et_pb_text][\/et_pb_column][\/et_pb_row][\/et_pb_section]<\/p>\n","protected":false},"excerpt":{"rendered":"<p>Acupuncture L&rsquo;acupuncture est un \u00e9l\u00e9ment cl\u00e9 de la m\u00e9decine traditionnelle chinoise, datant de plus de 2 500 ans. C&rsquo;est une pratique th\u00e9rapeutique bas\u00e9e sur la croyance que l&rsquo;\u00e9nergie vitale du corps, appel\u00e9e Qi, circule le long de voies sp\u00e9cifiques appel\u00e9es m\u00e9ridiens. Lorsque ce flux est perturb\u00e9 ou bloqu\u00e9, cela peut entra\u00eener divers maux physiques ou [&hellip;]<\/p>\n","protected":false},"author":1,"featured_media":0,"parent":0,"menu_order":0,"comment_status":"closed","ping_status":"closed","template":"","meta":{"_et_pb_use_builder":"on","_et_pb_old_content":"","_et_gb_content_width":"","footnotes":""},"class_list":["post-323","page","type-page","status-publish","hentry"],"_links":{"self":[{"href":"https:\/\/luanacu.com\/fr\/wp-json\/wp\/v2\/pages\/323","targetHints":{"allow":["GET"]}}],"collection":[{"href":"https:\/\/luanacu.com\/fr\/wp-json\/wp\/v2\/pages"}],"about":[{"href":"https:\/\/luanacu.com\/fr\/wp-json\/wp\/v2\/types\/page"}],"author":[{"embeddable":true,"href":"https:\/\/luanacu.com\/fr\/wp-json\/wp\/v2\/users\/1"}],"replies":[{"embeddable":true,"href":"https:\/\/luanacu.com\/fr\/wp-json\/wp\/v2\/comments?post=323"}],"version-history":[{"count":6,"href":"https:\/\/luanacu.com\/fr\/wp-json\/wp\/v2\/pages\/323\/revisions"}],"predecessor-version":[{"id":329,"href":"https:\/\/luanacu.com\/fr\/wp-json\/wp\/v2\/pages\/323\/revisions\/329"}],"wp:attachment":[{"href":"https:\/\/luanacu.com\/fr\/wp-json\/wp\/v2\/media?parent=323"}],"curies":[{"name":"wp","href":"https:\/\/api.w.org\/{rel}","templated":true}]}}